{"id":37,"date":"2017-06-02T14:11:55","date_gmt":"2017-06-02T12:11:55","guid":{"rendered":"http:\/\/christianfritsch.biz\/?page_id=37"},"modified":"2018-07-09T13:17:55","modified_gmt":"2018-07-09T11:17:55","slug":"vorstellung","status":"publish","type":"page","link":"https:\/\/christianfritsch.biz\/?page_id=37","title":{"rendered":"Willkommen"},"content":{"rendered":"<p>Ich bin seit 2001 in unterschiedliche Position im Bereich der ABAP Entwicklung unterwegs. F\u00fcr einen raschen \u00dcberblick \u00fcber mich und meine bisherigen Erfahrungen empfehle ich Ihnen, mein Xing Profil\u00a0 aufzurufen<\/p>\n<p><a id=\"set-post-thumbnail\" class=\"thickbox\" href=\"https:\/\/www.xing.com\/profile\/Christian_Fritsch14\" aria-describedby=\"set-post-thumbnail-desc\"><img loading=\"lazy\" decoding=\"async\" class=\"attachment-266x266 alignnone\" src=\"https:\/\/christianfritsch.biz\/wp-content\/uploads\/2017\/12\/Xing02.gif\" sizes=\"auto, 100vw\" alt=\"\" width=\"163\" height=\"34\" \/><\/a><\/p>\n<p>Skillset :<\/p>\n<ul class=\"generated-list\">Unterst\u00fctzung SAP-Entwicklung im Rahmen der bestehenden Prozesse, Definition und Abstimmung von Entwicklungs- und Auspr\u00e4gungsregularien. Ansprechpartner f\u00fcr Fragen zum Vorgehensmodell und den eingesetzten Tools (Support)<\/ul>\n<ul class=\"generated-list\">\n<li>Mehrj\u00e4hrige Erfahrung in EVU-Projekten (SAP IS-U Entwicklung), Kenntnisse eines EVU wie Erzeugung, Handel und Verteilung<\/li>\n<\/ul>\n<ul class=\"generated-list\">\n<li>Erfahrungen im Prozessdesign und Konzepterstellung<\/li>\n<\/ul>\n<ul class=\"generated-list\">\n<li>Gute Prozess- und IT-Kenntnisse (SAP) in folgenden Branchenbereiche: Kundenprozesse IS-U Abrechnung, Ger\u00e4teverwaltung\/Smart Metering, Marktkommunikation und IDEX-Prozesse<\/li>\n<\/ul>\n<ul class=\"generated-list\">\n<li>Kommunikative- und soziale Kompetenzen sowie gute Pr\u00e4sentationsf\u00e4higkeiten runden mein Profil ab.<\/li>\n<\/ul>\n<p>Mitglied in<\/p>\n<p>&nbsp;<\/p>\n<p><a href=\"https:\/\/www.tobateam.de\/\"><img loading=\"lazy\" decoding=\"async\" class=\"wp-image-273 alignnone\" src=\"https:\/\/christianfritsch.biz\/wp-content\/uploads\/2017\/12\/Toba-Team-e1512224271839.jpg\" alt=\"\" width=\"196\" height=\"144\" \/><\/a><img loading=\"lazy\" decoding=\"async\" class=\"size-full wp-image-265\" src=\"https:\/\/christianfritsch.biz\/wp-content\/uploads\/2017\/12\/dbits-e1512223958959.gif\" alt=\"\" width=\"281\" height=\"84\" \/><\/p>\n<p><img loading=\"lazy\" decoding=\"async\" class=\"size-full wp-image-351 alignleft\" src=\"https:\/\/christianfritsch.biz\/wp-content\/uploads\/2018\/07\/SAP-partner.gif\" alt=\"\" width=\"269\" height=\"89\" \/><\/p>\n","protected":false},"excerpt":{"rendered":"<p>Ich bin seit 2001 in unterschiedliche Position im Bereich der ABAP Entwicklung unterwegs. F\u00fcr einen raschen \u00dcberblick \u00fcber mich und meine bisherigen Erfahrungen empfehle ich Ihnen, mein Xing Profil\u00a0 aufzurufen Skillset : Unterst\u00fctzung SAP-Entwicklung im Rahmen der bestehenden Prozesse, Definition und Abstimmung von Entwicklungs- und Auspr\u00e4gungsregularien. Ansprechpartner f\u00fcr Fragen zum Vorgehensmodell und den eingesetzten Tools &hellip; <\/p>\n<p class=\"link-more\"><a href=\"https:\/\/christianfritsch.biz\/?page_id=37\" class=\"more-link\"><span class=\"screen-reader-text\">\u201eWillkommen\u201c<\/span> weiterlesen<\/a><\/p>\n","protected":false},"author":1,"featured_media":204,"parent":0,"menu_order":0,"comment_status":"closed","ping_status":"closed","template":"","meta":{"footnotes":""},"class_list":["post-37","page","type-page","status-publish","has-post-thumbnail","hentry"],"_links":{"self":[{"href":"https:\/\/christianfritsch.biz\/index.php?rest_route=\/wp\/v2\/pages\/37","targetHints":{"allow":["GET"]}}],"collection":[{"href":"https:\/\/christianfritsch.biz\/index.php?rest_route=\/wp\/v2\/pages"}],"about":[{"href":"https:\/\/christianfritsch.biz\/index.php?rest_route=\/wp\/v2\/types\/page"}],"author":[{"embeddable":true,"href":"https:\/\/christianfritsch.biz\/index.php?rest_route=\/wp\/v2\/users\/1"}],"replies":[{"embeddable":true,"href":"https:\/\/christianfritsch.biz\/index.php?rest_route=%2Fwp%2Fv2%2Fcomments&post=37"}],"version-history":[{"count":47,"href":"https:\/\/christianfritsch.biz\/index.php?rest_route=\/wp\/v2\/pages\/37\/revisions"}],"predecessor-version":[{"id":298,"href":"https:\/\/christianfritsch.biz\/index.php?rest_route=\/wp\/v2\/pages\/37\/revisions\/298"}],"wp:featuredmedia":[{"embeddable":true,"href":"https:\/\/christianfritsch.biz\/index.php?rest_route=\/wp\/v2\/media\/204"}],"wp:attachment":[{"href":"https:\/\/christianfritsch.biz\/index.php?rest_route=%2Fwp%2Fv2%2Fmedia&parent=37"}],"curies":[{"name":"wp","href":"https:\/\/api.w.org\/{rel}","templated":true}]}}